{"id":27,"date":"2023-08-20T02:19:39","date_gmt":"2023-08-20T05:19:39","guid":{"rendered":"https:\/\/mastersantos.com\/?page_id=27"},"modified":"2023-08-29T21:23:20","modified_gmt":"2023-08-30T00:23:20","slug":"servicos","status":"publish","type":"page","link":"https:\/\/mastersantos.com\/index.php\/servicos\/","title":{"rendered":"Servi\u00e7os"},"content":{"rendered":"\n<p><strong>DESENVOLVIMENTO, HOSPEDAGEM E SUSTENTA\u00c7\u00c3O DE SITES<\/strong><\/p>\n\n\n\n<ul class=\"wp-block-list\">\n<li>Desenvolvimento Criativo e Responsivo de Websites<\/li>\n\n\n\n<li>Hospedagem Segura e Confi\u00e1vel de Sites<\/li>\n\n\n\n<li>Sustenta\u00e7\u00e3o Cont\u00ednua com Atualiza\u00e7\u00f5es e Manuten\u00e7\u00e3o<\/li>\n\n\n\n<li>Nossa hospedagem possui ferramentas de Intelig\u00eancia Artificial<\/li>\n\n\n\n<li>Realizamos backups constantes para a seguran\u00e7a dos seus trabalhos<\/li>\n\n\n\n<li>Ferramentas SEO<\/li>\n\n\n\n<li>Certificado para o site<\/li>\n\n\n\n<li>Registro de dom\u00ednio<\/li>\n<\/ul>\n\n\n\n<p><a href=\"https:\/\/mastersantos.com\/index.php\/web\/\" title=\"\">SAIBA MAIS<\/a><\/p>\n\n\n\n<p><\/p>\n\n\n\n<p><\/p>\n\n\n\n<p><strong>GEST\u00c3O ELETR\u00d4NICA DE DOCUMENTOS (GED)<\/strong><\/p>\n\n\n\n<ul class=\"wp-block-list\">\n<li>Suporte na sele\u00e7\u00e3o da solu\u00e7\u00e3o mais adequada para o seu neg\u00f3cio<\/li>\n\n\n\n<li>Suporte em todos os tr\u00e2mites necess\u00e1rios para implantar um sistema eletr\u00f4nico de informa\u00e7\u00f5es<\/li>\n\n\n\n<li>Sustenta\u00e7\u00e3o de ponta a ponta<\/li>\n\n\n\n<li>Auxilio nos processos burocr\u00e1ticos<\/li>\n<\/ul>\n\n\n\n<p><a href=\"https:\/\/mastersantos.com\/index.php\/ged\/\" title=\"\">SAIBA MAIS<\/a><\/p>\n\n\n\n<p><\/p>\n\n\n\n<p><\/p>\n\n\n\n<p><strong>CONSULTORIA EM TRANSFORMA\u00c7\u00c3O DIGITAL NO SETOR P\u00daBLICO E PRIVADO<\/strong><\/p>\n\n\n\n<ul class=\"wp-block-list\">\n<li>Desafios da Transforma\u00e7\u00e3o Digital no Setor P\u00fablico e Privado<\/li>\n\n\n\n<li>Abordagem consultiva para moderniza\u00e7\u00e3o e efici\u00eancia<\/li>\n\n\n\n<li>Parceria estrat\u00e9gica para alcan\u00e7ar resultados impactantes<\/li>\n<\/ul>\n\n\n\n<p><a href=\"https:\/\/mastersantos.com\/index.php\/transformacao-digital\/\" title=\"\">SAIBA MAIS<\/a><\/p>\n\n\n\n<p><\/p>\n\n\n\n<p><\/p>\n\n\n\n<p><strong>DESENVOLVIMENTO DE SOFTWARE<\/strong><\/p>\n\n\n\n<ul class=\"wp-block-list\">\n<li>Processo de Desenvolvimento \u00c1gil e Customizado<\/li>\n\n\n\n<li>Solu\u00e7\u00f5es sob medida para as necessidades do cliente<\/li>\n\n\n\n<li>Entregamos para o cliente todo o projeto de engenharia <\/li>\n\n\n\n<li>Entregamos para o cliente todos os c\u00f3digos fontes sem componentes fechados<\/li>\n\n\n\n<li>Desenvolvemos usando frameworks top de mercado e consolidados<\/li>\n<\/ul>\n\n\n\n<p><a href=\"https:\/\/mastersantos.com\/index.php\/software\/\" title=\"\">SAIBA MAIS<\/a><\/p>\n\n\n\n<p><\/p>\n\n\n\n<p><\/p>\n\n\n\n<p><strong>GEST\u00c3O POR PROCESSOS<\/strong><\/p>\n\n\n\n<ul class=\"wp-block-list\">\n<li>Capacita\u00e7\u00e3o de replicadores para a institui\u00e7\u00e3o<\/li>\n\n\n\n<li>Elabora\u00e7\u00e3o da arquitetura para a modelagem dos processos institucionais<\/li>\n\n\n\n<li>Implementa\u00e7\u00e3o do site de processos para a institui\u00e7\u00e3o<\/li>\n<\/ul>\n\n\n\n<p><a href=\"https:\/\/mastersantos.com\/index.php\/processos\/\" title=\"\">SAIBA MAIS<\/a><\/p>\n\n\n\n<p><\/p>\n\n\n\n<p><\/p>\n\n\n\n<p><strong>CONSULTORIA EM IMPLANTA\u00c7\u00c3O DE TI<\/strong><\/p>\n\n\n\n<ul class=\"wp-block-list\">\n<li>An\u00e1lise de Necessidades e Estrat\u00e9gia<\/li>\n\n\n\n<li>Planejamento e Implementa\u00e7\u00e3o das Solu\u00e7\u00f5es Demandadas<\/li>\n\n\n\n<li>Monitoramento e Melhorias Cont\u00ednuas<\/li>\n<\/ul>\n\n\n\n<p><a href=\"https:\/\/mastersantos.com\/index.php\/consultoria\/\" title=\"\">SAIBA MAIS<\/a><\/p>\n\n\n\n<p><\/p>\n\n\n\n<p><\/p>\n\n\n\n<p><strong>CURSOS INCOMPANY<\/strong><\/p>\n\n\n\n<ul class=\"wp-block-list\">\n<li>Programas de Treinamento Customizados para Empresas<\/li>\n\n\n\n<li>T\u00f3picos abrangentes, ministrados por especialistas<\/li>\n\n\n\n<li>Flexibilidade de hor\u00e1rios e formatos de treinamento<\/li>\n<\/ul>\n\n\n\n<p><\/p>\n\n\n\n<p><\/p>\n\n\n\n<p><\/p>\n\n\n\n<p><\/p>\n","protected":false},"excerpt":{"rendered":"<p>DESENVOLVIMENTO, HOSPEDAGEM E SUSTENTA\u00c7\u00c3O DE SITES SAIBA MAIS GEST\u00c3O ELETR\u00d4NICA DE DOCUMENTOS (GED) SAIBA MAIS CONSULTORIA EM TRANSFORMA\u00c7\u00c3O DIGITAL NO SETOR P\u00daBLICO E PRIVADO SAIBA MAIS DESENVOLVIMENTO DE SOFTWARE SAIBA MAIS GEST\u00c3O POR PROCESSOS SAIBA MAIS CONSULTORIA EM IMPLANTA\u00c7\u00c3O DE TI SAIBA MAIS CURSOS INCOMPANY<\/p>\n","protected":false},"author":1,"featured_media":0,"parent":0,"menu_order":0,"comment_status":"closed","ping_status":"closed","template":"","meta":{"_monsterinsights_skip_tracking":false,"_monsterinsights_sitenote_active":false,"_monsterinsights_sitenote_note":"","_monsterinsights_sitenote_category":0,"footnotes":""},"class_list":["post-27","page","type-page","status-publish","hentry"],"yoast_head":"<!-- This site is optimized with the Yoast SEO plugin v27.3 - https:\/\/yoast.com\/product\/yoast-seo-wordpress\/ -->\n<title>Servi\u00e7os - mastersantos.com<\/title>\n<meta name=\"robots\" content=\"index, follow, max-snippet:-1, max-image-preview:large, max-video-preview:-1\" \/>\n<link rel=\"canonical\" href=\"https:\/\/mastersantos.com\/index.php\/servicos\/\" \/>\n<meta property=\"og:locale\" content=\"en_US\" \/>\n<meta property=\"og:type\" content=\"article\" \/>\n<meta property=\"og:title\" content=\"Servi\u00e7os - mastersantos.com\" \/>\n<meta property=\"og:description\" content=\"DESENVOLVIMENTO, HOSPEDAGEM E SUSTENTA\u00c7\u00c3O DE SITES SAIBA MAIS GEST\u00c3O ELETR\u00d4NICA DE DOCUMENTOS (GED) SAIBA MAIS CONSULTORIA EM TRANSFORMA\u00c7\u00c3O DIGITAL NO SETOR P\u00daBLICO E PRIVADO SAIBA MAIS DESENVOLVIMENTO DE SOFTWARE SAIBA MAIS GEST\u00c3O POR PROCESSOS SAIBA MAIS CONSULTORIA EM IMPLANTA\u00c7\u00c3O DE TI SAIBA MAIS CURSOS INCOMPANY\" \/>\n<meta property=\"og:url\" content=\"https:\/\/mastersantos.com\/index.php\/servicos\/\" \/>\n<meta property=\"og:site_name\" content=\"mastersantos.com\" \/>\n<meta property=\"article:modified_time\" content=\"2023-08-30T00:23:20+00:00\" \/>\n<meta name=\"twitter:card\" content=\"summary_large_image\" \/>\n<meta name=\"twitter:label1\" content=\"Est. reading time\" \/>\n\t<meta name=\"twitter:data1\" content=\"2 minutes\" \/>\n<script type=\"application\/ld+json\" class=\"yoast-schema-graph\">{\"@context\":\"https:\\\/\\\/schema.org\",\"@graph\":[{\"@type\":\"WebPage\",\"@id\":\"https:\\\/\\\/mastersantos.com\\\/index.php\\\/servicos\\\/\",\"url\":\"https:\\\/\\\/mastersantos.com\\\/index.php\\\/servicos\\\/\",\"name\":\"Servi\u00e7os - mastersantos.com\",\"isPartOf\":{\"@id\":\"https:\\\/\\\/mastersantos.com\\\/#website\"},\"datePublished\":\"2023-08-20T05:19:39+00:00\",\"dateModified\":\"2023-08-30T00:23:20+00:00\",\"breadcrumb\":{\"@id\":\"https:\\\/\\\/mastersantos.com\\\/index.php\\\/servicos\\\/#breadcrumb\"},\"inLanguage\":\"en-US\",\"potentialAction\":[{\"@type\":\"ReadAction\",\"target\":[\"https:\\\/\\\/mastersantos.com\\\/index.php\\\/servicos\\\/\"]}]},{\"@type\":\"BreadcrumbList\",\"@id\":\"https:\\\/\\\/mastersantos.com\\\/index.php\\\/servicos\\\/#breadcrumb\",\"itemListElement\":[{\"@type\":\"ListItem\",\"position\":1,\"name\":\"In\u00edcio\",\"item\":\"https:\\\/\\\/mastersantos.com\\\/\"},{\"@type\":\"ListItem\",\"position\":2,\"name\":\"Servi\u00e7os\"}]},{\"@type\":\"WebSite\",\"@id\":\"https:\\\/\\\/mastersantos.com\\\/#website\",\"url\":\"https:\\\/\\\/mastersantos.com\\\/\",\"name\":\"mastersantos.com\",\"description\":\"\",\"publisher\":{\"@id\":\"https:\\\/\\\/mastersantos.com\\\/#organization\"},\"potentialAction\":[{\"@type\":\"SearchAction\",\"target\":{\"@type\":\"EntryPoint\",\"urlTemplate\":\"https:\\\/\\\/mastersantos.com\\\/?s={search_term_string}\"},\"query-input\":{\"@type\":\"PropertyValueSpecification\",\"valueRequired\":true,\"valueName\":\"search_term_string\"}}],\"inLanguage\":\"en-US\"},{\"@type\":\"Organization\",\"@id\":\"https:\\\/\\\/mastersantos.com\\\/#organization\",\"name\":\"mastersantos.com\",\"url\":\"https:\\\/\\\/mastersantos.com\\\/\",\"logo\":{\"@type\":\"ImageObject\",\"inLanguage\":\"en-US\",\"@id\":\"https:\\\/\\\/mastersantos.com\\\/#\\\/schema\\\/logo\\\/image\\\/\",\"url\":\"https:\\\/\\\/mastersantos.com\\\/wp-content\\\/uploads\\\/2023\\\/08\\\/cropped-LOGOTRANSP-FINAL.png\",\"contentUrl\":\"https:\\\/\\\/mastersantos.com\\\/wp-content\\\/uploads\\\/2023\\\/08\\\/cropped-LOGOTRANSP-FINAL.png\",\"width\":675,\"height\":171,\"caption\":\"mastersantos.com\"},\"image\":{\"@id\":\"https:\\\/\\\/mastersantos.com\\\/#\\\/schema\\\/logo\\\/image\\\/\"},\"sameAs\":[\"https:\\\/\\\/www.linkedin.com\\\/company\\\/mastersantos\\\/?viewAsMember=true\"]}]}<\/script>\n<!-- \/ Yoast SEO plugin. -->","yoast_head_json":{"title":"Servi\u00e7os - mastersantos.com","robots":{"index":"index","follow":"follow","max-snippet":"max-snippet:-1","max-image-preview":"max-image-preview:large","max-video-preview":"max-video-preview:-1"},"canonical":"https:\/\/mastersantos.com\/index.php\/servicos\/","og_locale":"en_US","og_type":"article","og_title":"Servi\u00e7os - mastersantos.com","og_description":"DESENVOLVIMENTO, HOSPEDAGEM E SUSTENTA\u00c7\u00c3O DE SITES SAIBA MAIS GEST\u00c3O ELETR\u00d4NICA DE DOCUMENTOS (GED) SAIBA MAIS CONSULTORIA EM TRANSFORMA\u00c7\u00c3O DIGITAL NO SETOR P\u00daBLICO E PRIVADO SAIBA MAIS DESENVOLVIMENTO DE SOFTWARE SAIBA MAIS GEST\u00c3O POR PROCESSOS SAIBA MAIS CONSULTORIA EM IMPLANTA\u00c7\u00c3O DE TI SAIBA MAIS CURSOS INCOMPANY","og_url":"https:\/\/mastersantos.com\/index.php\/servicos\/","og_site_name":"mastersantos.com","article_modified_time":"2023-08-30T00:23:20+00:00","twitter_card":"summary_large_image","twitter_misc":{"Est. reading time":"2 minutes"},"schema":{"@context":"https:\/\/schema.org","@graph":[{"@type":"WebPage","@id":"https:\/\/mastersantos.com\/index.php\/servicos\/","url":"https:\/\/mastersantos.com\/index.php\/servicos\/","name":"Servi\u00e7os - mastersantos.com","isPartOf":{"@id":"https:\/\/mastersantos.com\/#website"},"datePublished":"2023-08-20T05:19:39+00:00","dateModified":"2023-08-30T00:23:20+00:00","breadcrumb":{"@id":"https:\/\/mastersantos.com\/index.php\/servicos\/#breadcrumb"},"inLanguage":"en-US","potentialAction":[{"@type":"ReadAction","target":["https:\/\/mastersantos.com\/index.php\/servicos\/"]}]},{"@type":"BreadcrumbList","@id":"https:\/\/mastersantos.com\/index.php\/servicos\/#breadcrumb","itemListElement":[{"@type":"ListItem","position":1,"name":"In\u00edcio","item":"https:\/\/mastersantos.com\/"},{"@type":"ListItem","position":2,"name":"Servi\u00e7os"}]},{"@type":"WebSite","@id":"https:\/\/mastersantos.com\/#website","url":"https:\/\/mastersantos.com\/","name":"mastersantos.com","description":"","publisher":{"@id":"https:\/\/mastersantos.com\/#organization"},"potentialAction":[{"@type":"SearchAction","target":{"@type":"EntryPoint","urlTemplate":"https:\/\/mastersantos.com\/?s={search_term_string}"},"query-input":{"@type":"PropertyValueSpecification","valueRequired":true,"valueName":"search_term_string"}}],"inLanguage":"en-US"},{"@type":"Organization","@id":"https:\/\/mastersantos.com\/#organization","name":"mastersantos.com","url":"https:\/\/mastersantos.com\/","logo":{"@type":"ImageObject","inLanguage":"en-US","@id":"https:\/\/mastersantos.com\/#\/schema\/logo\/image\/","url":"https:\/\/mastersantos.com\/wp-content\/uploads\/2023\/08\/cropped-LOGOTRANSP-FINAL.png","contentUrl":"https:\/\/mastersantos.com\/wp-content\/uploads\/2023\/08\/cropped-LOGOTRANSP-FINAL.png","width":675,"height":171,"caption":"mastersantos.com"},"image":{"@id":"https:\/\/mastersantos.com\/#\/schema\/logo\/image\/"},"sameAs":["https:\/\/www.linkedin.com\/company\/mastersantos\/?viewAsMember=true"]}]}},"_links":{"self":[{"href":"https:\/\/mastersantos.com\/index.php\/wp-json\/wp\/v2\/pages\/27","targetHints":{"allow":["GET"]}}],"collection":[{"href":"https:\/\/mastersantos.com\/index.php\/wp-json\/wp\/v2\/pages"}],"about":[{"href":"https:\/\/mastersantos.com\/index.php\/wp-json\/wp\/v2\/types\/page"}],"author":[{"embeddable":true,"href":"https:\/\/mastersantos.com\/index.php\/wp-json\/wp\/v2\/users\/1"}],"replies":[{"embeddable":true,"href":"https:\/\/mastersantos.com\/index.php\/wp-json\/wp\/v2\/comments?post=27"}],"version-history":[{"count":21,"href":"https:\/\/mastersantos.com\/index.php\/wp-json\/wp\/v2\/pages\/27\/revisions"}],"predecessor-version":[{"id":159,"href":"https:\/\/mastersantos.com\/index.php\/wp-json\/wp\/v2\/pages\/27\/revisions\/159"}],"wp:attachment":[{"href":"https:\/\/mastersantos.com\/index.php\/wp-json\/wp\/v2\/media?parent=27"}],"curies":[{"name":"wp","href":"https:\/\/api.w.org\/{rel}","templated":true}]}}